{"id":114,"date":"2021-05-29T12:17:34","date_gmt":"2021-05-29T10:17:34","guid":{"rendered":"http:\/\/www.chraecker.de\/kocks\/?page_id=114"},"modified":"2021-05-29T16:28:04","modified_gmt":"2021-05-29T14:28:04","slug":"meine-texte","status":"publish","type":"page","link":"https:\/\/www.chraecker.de\/kocks\/meine-texte\/","title":{"rendered":"Meine Texte"},"content":{"rendered":"\n<p><strong>\u00dcber die Titel kommen Sie zu den Texten&#8230;<\/strong><\/p>\n\n\n<ul class=\"wp-block-latest-posts__list is-grid columns-3 has-dates wp-block-latest-posts\"><li><a class=\"wp-block-latest-posts__post-title\" href=\"https:\/\/www.chraecker.de\/kocks\/2021\/08\/03\/aegyptische-museum-muenchen\/\">Im \u00c4gyptischen Museum M\u00fcnchen<\/a><time datetime=\"2021-08-03T19:22:00+02:00\" class=\"wp-block-latest-posts__post-date\">3. August 2021<\/time><div class=\"wp-block-latest-posts__post-excerpt\">Der gewaltige Eingang zum \u00c4gyptischen Museum f\u00fchrt wie in der Totenstadt in die Tiefe, wo der Eingang ist.Anders zwar als die Eing\u00e4nge zu den Totenst\u00e4dten in \u00c4gypten, die meist mit Reliefs geschm\u00fcckt sind, ist es hier Sichtbeton. Schlicht \u2013 einfach nur grauer Beton.Welch\u2018 ein Kulturbruch, grummle ich und starre den grauen Block finster an.Doch je\u2026\u00a0<a class=\"wp-block-latest-posts__read-more\" href=\"https:\/\/www.chraecker.de\/kocks\/2021\/08\/03\/aegyptische-museum-muenchen\/\" rel=\"noopener noreferrer\"><span class=\"screen-reader-text\">Im \u00c4gyptischen Museum M\u00fcnchen <\/span>weiterlesen<\/a><\/div><\/li>\n<li><a class=\"wp-block-latest-posts__post-title\" href=\"https:\/\/www.chraecker.de\/kocks\/2021\/07\/14\/nordsee\/\">Nordsee<\/a><time datetime=\"2021-07-14T12:19:00+02:00\" class=\"wp-block-latest-posts__post-date\">14. Juli 2021<\/time><div class=\"wp-block-latest-posts__post-excerpt\">Vor ihrem inneren Auge t\u00fcrmten sich Wolkengebirge. War sie deshalb im dunklen, nassen November an die Nordsee gefahren? Nicht an einen S\u00fcdseestrand?Warum machst du das?, hatten Freunde sie gefragt. Und dann allein? Du wirst dich langweilen \u2013 nichts ist los. Alle Strandbars geschlossen und sich sonnen, kann man ohnehin nicht- zu kalt, zu nass.Man kann\u2026\u00a0<a class=\"wp-block-latest-posts__read-more\" href=\"https:\/\/www.chraecker.de\/kocks\/2021\/07\/14\/nordsee\/\" rel=\"noopener noreferrer\"><span class=\"screen-reader-text\">Nordsee <\/span>weiterlesen<\/a><\/div><\/li>\n<li><a class=\"wp-block-latest-posts__post-title\" href=\"https:\/\/www.chraecker.de\/kocks\/2021\/07\/14\/haiku-bronze\/\">Haiku &#8211; Bronze<\/a><time datetime=\"2021-07-14T12:10:00+02:00\" class=\"wp-block-latest-posts__post-date\">14. Juli 2021<\/time><div class=\"wp-block-latest-posts__post-excerpt\">Elegant die eine,zerrissen der andere,geh\u00e4rtet in Glut.<\/div><\/li>\n<li><a class=\"wp-block-latest-posts__post-title\" href=\"https:\/\/www.chraecker.de\/kocks\/2021\/07\/14\/haiku-wolken\/\">Haiku &#8211; Wolken<\/a><time datetime=\"2021-07-14T12:06:50+02:00\" class=\"wp-block-latest-posts__post-date\">14. Juli 2021<\/time><div class=\"wp-block-latest-posts__post-excerpt\">Wolken wie L\u00e4nderBedrohlich sch\u00f6n &#8211; leiten dichIns Grenzenlose.<\/div><\/li>\n<li><a class=\"wp-block-latest-posts__post-title\" href=\"https:\/\/www.chraecker.de\/kocks\/2021\/06\/16\/haiku-wueste\/\">Haiku &#8211; W\u00fcste &#8222;Sanftheit und H\u00e4rte&#8220;<\/a><time datetime=\"2021-06-16T12:45:16+02:00\" class=\"wp-block-latest-posts__post-date\">16. Juni 2021<\/time><div class=\"wp-block-latest-posts__post-excerpt\">Sanftheit und H\u00e4rteSpuren der Natur bannenSch\u00f6nheit verstehen.<\/div><\/li>\n<li><a class=\"wp-block-latest-posts__post-title\" href=\"https:\/\/www.chraecker.de\/kocks\/2021\/06\/16\/328\/\">Haiku &#8211; W\u00fcste &#8222;Wasser- \u00dcberleben&#8220;<\/a><time datetime=\"2021-06-16T12:41:35+02:00\" class=\"wp-block-latest-posts__post-date\">16. Juni 2021<\/time><div class=\"wp-block-latest-posts__post-excerpt\">Wasser \u2013 \u00dcberlebenDort, wo es ist- ein Wunder.Du h\u00e4ltst inne und sinnst.<\/div><\/li>\n<li><a class=\"wp-block-latest-posts__post-title\" href=\"https:\/\/www.chraecker.de\/kocks\/2021\/06\/16\/regenbogen\/\">Haiku &#8211; Regenbogen -&#8222;Regenbogensymbol&#8220;<\/a><time datetime=\"2021-06-16T12:35:56+02:00\" class=\"wp-block-latest-posts__post-date\">16. Juni 2021<\/time><div class=\"wp-block-latest-posts__post-excerpt\">RegenbogensymbolVertrauen in der FremdeAhnende Kraft<\/div><\/li>\n<li><a class=\"wp-block-latest-posts__post-title\" href=\"https:\/\/www.chraecker.de\/kocks\/2021\/06\/16\/317\/\">Haiku &#8211; W\u00fcste- &#8222;Tee-und Wasserkessel&#8220;<\/a><time datetime=\"2021-06-16T12:31:27+02:00\" class=\"wp-block-latest-posts__post-date\">16. Juni 2021<\/time><div class=\"wp-block-latest-posts__post-excerpt\">Tee- und WasserkesselFeuerstelle im W\u00fcstensand\u00dcberlebenszeichen.<\/div><\/li>\n<li><a class=\"wp-block-latest-posts__post-title\" href=\"https:\/\/www.chraecker.de\/kocks\/2021\/06\/16\/alter-altern\/\">Alter \/ altern<\/a><time datetime=\"2021-06-16T12:23:47+02:00\" class=\"wp-block-latest-posts__post-date\">16. Juni 2021<\/time><div class=\"wp-block-latest-posts__post-excerpt\">&#8211; Wenn ich \u201ealtern\u201c erkl\u00e4ren soll, wei\u00df ich es, will ich aber das Gef\u00fchl beschreiben, wei\u00df ich es nicht &#8211; Als Ina und ihr Mann vor vielen Jahren sich entschlossen, einen Gespr\u00e4chskreis zu gr\u00fcnden, schlug er das Thema \u201eAlter\u201c vor. Ina war \u00fcberrascht, sicherlich ein wichtiges, vielleicht sogar interessantes Thema, aber w\u00e4re nicht Liebe oder\u2026\u00a0<a class=\"wp-block-latest-posts__read-more\" href=\"https:\/\/www.chraecker.de\/kocks\/2021\/06\/16\/alter-altern\/\" rel=\"noopener noreferrer\"><span class=\"screen-reader-text\">Alter \/ altern <\/span>weiterlesen<\/a><\/div><\/li>\n<li><a class=\"wp-block-latest-posts__post-title\" href=\"https:\/\/www.chraecker.de\/kocks\/2021\/06\/16\/burma-zeitlosigkeit\/\">Burma &#8211; Zeitlosigkeit<\/a><time datetime=\"2021-06-16T12:10:14+02:00\" class=\"wp-block-latest-posts__post-date\">16. Juni 2021<\/time><div class=\"wp-block-latest-posts__post-excerpt\">Eines meiner bewegendsten Erlebnisse hatte ich in einer Tempelanlage auf einem S\u00e4ulenstumpf abseits von Menschen, allein. Was hei\u00dft \u201ebewegend?\u201c \u00c4u\u00dferlich bewegte ich mich nicht. Die Anderen waren zur Besichtigung losgezogen.Ich sa\u00df ganz still, benommen von der mich umfassenden Ruhe. Ein tiefes Gl\u00fccksgef\u00fchl durchstr\u00f6mte mich. Ich f\u00fchlte mich Eins mit der Fremdheit, der Sch\u00f6nheit, der Gelassenheit\u2026\u00a0<a class=\"wp-block-latest-posts__read-more\" href=\"https:\/\/www.chraecker.de\/kocks\/2021\/06\/16\/burma-zeitlosigkeit\/\" rel=\"noopener noreferrer\"><span class=\"screen-reader-text\">Burma &#8211; Zeitlosigkeit <\/span>weiterlesen<\/a><\/div><\/li>\n<li><a class=\"wp-block-latest-posts__post-title\" href=\"https:\/\/www.chraecker.de\/kocks\/2021\/06\/16\/reisen-das-unzeitgemaesse-zeitgemaess\/\">Reisen &#8211; Das Unzeitgem\u00e4\u00dfe zeitgem\u00e4\u00df<\/a><time datetime=\"2021-06-16T12:01:23+02:00\" class=\"wp-block-latest-posts__post-date\">16. Juni 2021<\/time><div class=\"wp-block-latest-posts__post-excerpt\">Geschichten vom Reisen PrologVielleicht liegt es an der aktuellen Krisensituation, der Corona-Pandemie, dem Lockdown, dass die Sehnsucht nach Reisen so heftig empfunden wird. Tiefenpsychologisch erkl\u00e4rbar, quasi als Flucht aus der \u201eMatratzengruft\u201c (H.Heine).Dann realisiert man jedoch allm\u00e4hlich, dass man nicht \u201eeinfach weg kann, wenn man will\u201c, selbst wenn man es finanziell oder zeitlich k\u00f6nnte; wenn Gewohntes\u2026\u00a0<a class=\"wp-block-latest-posts__read-more\" href=\"https:\/\/www.chraecker.de\/kocks\/2021\/06\/16\/reisen-das-unzeitgemaesse-zeitgemaess\/\" rel=\"noopener noreferrer\"><span class=\"screen-reader-text\">Reisen &#8211; Das Unzeitgem\u00e4\u00dfe zeitgem\u00e4\u00df <\/span>weiterlesen<\/a><\/div><\/li>\n<li><a class=\"wp-block-latest-posts__post-title\" href=\"https:\/\/www.chraecker.de\/kocks\/2021\/06\/16\/zeit-was-ist-zeit\/\">Zeit &#8211; Was ist Zeit?<\/a><time datetime=\"2021-06-16T11:50:25+02:00\" class=\"wp-block-latest-posts__post-date\">16. Juni 2021<\/time><div class=\"wp-block-latest-posts__post-excerpt\">Prolog \u201eWenn mich keiner danach fragt, wei\u00df ich es. Aber wenn ich es jemanden, der mich fragt, erkl\u00e4ren m\u00f6chte, wei\u00df ich es einfach nicht.\u201c (Augustinus) Ich m\u00f6chte hier nicht den unz\u00e4hligen B\u00fcchern \u00fcber die Zeit noch ein weiteres hinzuf\u00fcgen, sondern etwas von meiner subjektiven, psychologischen Zeiterfahrung berichten. Von der Lebenszeit:Von der sozialen Zeit, der gestalteten\u2026\u00a0<a class=\"wp-block-latest-posts__read-more\" href=\"https:\/\/www.chraecker.de\/kocks\/2021\/06\/16\/zeit-was-ist-zeit\/\" rel=\"noopener noreferrer\"><span class=\"screen-reader-text\">Zeit &#8211; Was ist Zeit? <\/span>weiterlesen<\/a><\/div><\/li>\n<li><a class=\"wp-block-latest-posts__post-title\" href=\"https:\/\/www.chraecker.de\/kocks\/2021\/06\/08\/pilotprojekt-in-sanaa-jemen\/\">Pilotprojekt in Sana&#8217;a, Jemen<\/a><time datetime=\"2021-06-08T18:00:00+02:00\" class=\"wp-block-latest-posts__post-date\">8. Juni 2021<\/time><div class=\"wp-block-latest-posts__post-excerpt\">Diese und die folgenden Anekdoten trugen sich 2010 in Sana&#8217;a, Jemen zu w\u00e4hrend eines Pilotprojektes, an den Schulleiterinnen und Schulleiter, Psychologen und \u00c4rzte teilnahmen. Leila: &#8222;Siehst du denn nicht&#8230;? Eine klassisch in schwarzem Tschador gekleidete Teilnehmerin fragte Ina herausfordernd: &#8222;Siehst du denn nicht?&#8220; Ina konzentrierte sich auf die funkelnden Augen, um herauszufinden, welche Teilnehmerin sie\u2026\u00a0<a class=\"wp-block-latest-posts__read-more\" href=\"https:\/\/www.chraecker.de\/kocks\/2021\/06\/08\/pilotprojekt-in-sanaa-jemen\/\" rel=\"noopener noreferrer\"><span class=\"screen-reader-text\">Pilotprojekt in Sana&#8217;a, Jemen <\/span>weiterlesen<\/a><\/div><\/li>\n<li><a class=\"wp-block-latest-posts__post-title\" href=\"https:\/\/www.chraecker.de\/kocks\/2021\/06\/08\/maenner\/\">M\u00e4nner<\/a><time datetime=\"2021-06-08T17:59:00+02:00\" class=\"wp-block-latest-posts__post-date\">8. Juni 2021<\/time><div class=\"wp-block-latest-posts__post-excerpt\">W\u00e4hrend der Seminararbeit entstanden etliche Plakate, auf denen Arbeitsschritte und Ergebnisse festgehalten und dann schlie\u00dflich zur Orientierung aufgeh\u00e4ngt wurden. Sie mussten hoch genug angebracht werden, um gut sichtbar zu sein. Das geschah meist in einer Arbeitspause. Ina beobachtete wie sich zwei Frauen anstengten, die gro\u00dfen, sperrigen Plakate aufzuh\u00e4ngen und dazu noch eingerma\u00dfen gerade. Es gelang\u2026\u00a0<a class=\"wp-block-latest-posts__read-more\" href=\"https:\/\/www.chraecker.de\/kocks\/2021\/06\/08\/maenner\/\" rel=\"noopener noreferrer\"><span class=\"screen-reader-text\">M\u00e4nner <\/span>weiterlesen<\/a><\/div><\/li>\n<li><a class=\"wp-block-latest-posts__post-title\" href=\"https:\/\/www.chraecker.de\/kocks\/2021\/06\/08\/aber-das-sind-doch-somalier\/\">Aber das  sind doch Somalier&#8230;<\/a><time datetime=\"2021-06-08T17:58:00+02:00\" class=\"wp-block-latest-posts__post-date\">8. Juni 2021<\/time><div class=\"wp-block-latest-posts__post-excerpt\">Die Teilnehmer:innen des Pilotprojektes in Sana\u00e0, Jemen, hatten sich darauf verst\u00e4ndigt, in der Mittagspause nicht zum Essen in die Stadt zu fahren und damit Zeit zu verlieren, sondern sich das Essen in den gro\u00dfen Tagungsraum bringen zu lassen. Au\u00dferdem blieb dann noch Zeit, sich im Garten die Beine zu vertreten. P\u00fcnktlich zur vereinbarten Zeit wurde\u2026\u00a0<a class=\"wp-block-latest-posts__read-more\" href=\"https:\/\/www.chraecker.de\/kocks\/2021\/06\/08\/aber-das-sind-doch-somalier\/\" rel=\"noopener noreferrer\"><span class=\"screen-reader-text\">Aber das  sind doch Somalier&#8230; <\/span>weiterlesen<\/a><\/div><\/li>\n<li><a class=\"wp-block-latest-posts__post-title\" href=\"https:\/\/www.chraecker.de\/kocks\/2021\/06\/08\/das-geht-nicht\/\">Das geht nicht<\/a><time datetime=\"2021-06-08T17:57:00+02:00\" class=\"wp-block-latest-posts__post-date\">8. Juni 2021<\/time><div class=\"wp-block-latest-posts__post-excerpt\">Zur Kunsttherapie geh\u00f6rt auch der Tanz. Als Ina an dies Thema f\u00fcr den kommenden Nachmittag erinnerte und fragte, wer sich darauf vorbereiten wolle, blickte sie in \u00fcberraschte Gesichter. &#8222;Nun, ihre Kultur ist so reich an T\u00e4nzen. Ich denke, wir sollten einige davon ausw\u00e4hlen, um zu pr\u00fcfen, welche geeignet sind, sie in der Therapie mit Kindern\u2026\u00a0<a class=\"wp-block-latest-posts__read-more\" href=\"https:\/\/www.chraecker.de\/kocks\/2021\/06\/08\/das-geht-nicht\/\" rel=\"noopener noreferrer\"><span class=\"screen-reader-text\">Das geht nicht <\/span>weiterlesen<\/a><\/div><\/li>\n<li><a class=\"wp-block-latest-posts__post-title\" href=\"https:\/\/www.chraecker.de\/kocks\/2021\/06\/06\/oskar-und-die-dame-in-rosa\/\">Oskar und die Dame in Rosa<\/a><time datetime=\"2021-06-06T09:33:00+02:00\" class=\"wp-block-latest-posts__post-date\">6. Juni 2021<\/time><div class=\"wp-block-latest-posts__post-excerpt\">Heute entdeckte Ina ein kleines B\u00fcchlein zwischen ihren Schreibsachen. Die Grafik auf dem Cover zeigte im Vordergrund ein kahlk\u00f6pfiges Kind, im Hintergrund ein perspektivisch verzerrtes Krankenhausbett. Pl\u00f6tzlich schossen ihr mehrere Gedanken gleichzeitig durch den Kopf. Sie \u00fcberfielen Erinnerungen an die krebskranken Kinder im Krankenhaus &#8211; ihre Hilflosigkeit, die Weisheit der Kinder. Die Weisheit sterbender Kinder.\u2026\u00a0<a class=\"wp-block-latest-posts__read-more\" href=\"https:\/\/www.chraecker.de\/kocks\/2021\/06\/06\/oskar-und-die-dame-in-rosa\/\" rel=\"noopener noreferrer\"><span class=\"screen-reader-text\">Oskar und die Dame in Rosa <\/span>weiterlesen<\/a><\/div><\/li>\n<li><a class=\"wp-block-latest-posts__post-title\" href=\"https:\/\/www.chraecker.de\/kocks\/2021\/06\/04\/auf-einer-einsamen-huette-in-den-tuxer-alpen\/\">Auf einer einsamen H\u00fctte in den Tuxer Alpen<\/a><time datetime=\"2021-06-04T15:38:06+02:00\" class=\"wp-block-latest-posts__post-date\">4. Juni 2021<\/time><div class=\"wp-block-latest-posts__post-excerpt\">2011 reiste Ina allein auf eine einsame H\u00fctte in den Tuxer Alpen. Lange hatte sie im Internet gesucht, ob die H\u00fctte auch wirklich einsam lag, weil sie allein sein wollte, um nachzudenken.Der Tod ihres Mannes hatte sie in eine existentielle Krise gest\u00fcrzt. Sie musste sich neu erfinden. So nannte sie es. Es schien ihr, dass\u2026\u00a0<a class=\"wp-block-latest-posts__read-more\" href=\"https:\/\/www.chraecker.de\/kocks\/2021\/06\/04\/auf-einer-einsamen-huette-in-den-tuxer-alpen\/\" rel=\"noopener noreferrer\"><span class=\"screen-reader-text\">Auf einer einsamen H\u00fctte in den Tuxer Alpen <\/span>weiterlesen<\/a><\/div><\/li>\n<li><a class=\"wp-block-latest-posts__post-title\" href=\"https:\/\/www.chraecker.de\/kocks\/2021\/05\/28\/der-lange-weg-zum-mut\/\">Der lange Weg zum Mut<\/a><time datetime=\"2021-05-28T13:53:11+02:00\" class=\"wp-block-latest-posts__post-date\">28. Mai 2021<\/time><div class=\"wp-block-latest-posts__post-excerpt\">Nach reichlich Skrupeln, ob ich technisch \u00fcberhaupt einer Videokonferenz gewachsen w\u00e4re, entschloss\u00a0 ich mich dann doch. Mein Bed\u00fcrfnis nach kritischer Hilfestellung zum Schreiben \u00fcberwog. Zudem versicherte mir Dr.J\u00fcrgen vom Scheidt: \u201eDas lernen Sie schon\u201c. Auch gab er mir Hinweise, welche Webcam ich wo erstehen k\u00f6nne und dann sei es ganz leicht, nur dem Link zu\u2026\u00a0<a class=\"wp-block-latest-posts__read-more\" href=\"https:\/\/www.chraecker.de\/kocks\/2021\/05\/28\/der-lange-weg-zum-mut\/\" rel=\"noopener noreferrer\"><span class=\"screen-reader-text\">Der lange Weg zum Mut <\/span>weiterlesen<\/a><\/div><\/li>\n<li><a class=\"wp-block-latest-posts__post-title\" href=\"https:\/\/www.chraecker.de\/kocks\/2021\/05\/06\/flaeschchen-im-badezimmerregal\/\">Fl\u00e4schchen im Badezimmerregal<\/a><time datetime=\"2021-05-06T13:38:54+02:00\" class=\"wp-block-latest-posts__post-date\">6. Mai 2021<\/time><div class=\"wp-block-latest-posts__post-excerpt\">\u201eMach\u2018 doch \u00b4mal ein wenig Platz.\u201c\u201eAber wohin? Es wird hier immer enger.\u201c\u201eDu machst dich so breit. Siehst auch so merkw\u00fcrdig aus- braun und eckig. Wo kommst du denn her?\u201c\u201eIch komme aus Rajasthan\u201c, antwortete das flache, dicke Glast\u00f6pfchen.\u201eRajasthan? Wo ist das denn?\u201c \u201eIn Nordwestindien\u201c, so die stolze Antwort.\u201eUnd da gibt es auch Parf\u00fcm?\u201c\u201eUnd ob! Aber ich\u2026\u00a0<a class=\"wp-block-latest-posts__read-more\" href=\"https:\/\/www.chraecker.de\/kocks\/2021\/05\/06\/flaeschchen-im-badezimmerregal\/\" rel=\"noopener noreferrer\"><span class=\"screen-reader-text\">Fl\u00e4schchen im Badezimmerregal <\/span>weiterlesen<\/a><\/div><\/li>\n<li><a class=\"wp-block-latest-posts__post-title\" href=\"https:\/\/www.chraecker.de\/kocks\/2021\/04\/30\/tulpe-orchidee\/\">Tulpe &#8211; Orchidee<\/a><time datetime=\"2021-04-30T13:42:00+02:00\" class=\"wp-block-latest-posts__post-date\">30. April 2021<\/time><div class=\"wp-block-latest-posts__post-excerpt\">Nach wieder einmal reichlich Frust mit der PC-Technik entschloss sich Manju, obwohl es ungem\u00fctlich nieselnd regnete, ihrer Seele etwas Gutes zu tun. Sie sehnte sich nach Farbe in dem tristen Grau und fuhr zu einem Tulpenfeld. Neugierig und gespannt hoffte sie, dass trotz K\u00e4lte die Tulpen sich zeigen w\u00fcrden &#8211; zumindestens ein ganz klein wenig.\u2026\u00a0<a class=\"wp-block-latest-posts__read-more\" href=\"https:\/\/www.chraecker.de\/kocks\/2021\/04\/30\/tulpe-orchidee\/\" rel=\"noopener noreferrer\"><span class=\"screen-reader-text\">Tulpe &#8211; Orchidee <\/span>weiterlesen<\/a><\/div><\/li>\n<li><a class=\"wp-block-latest-posts__post-title\" href=\"https:\/\/www.chraecker.de\/kocks\/2021\/04\/30\/ahorn-auf-dem-balkon\/\">Ahorn auf dem Balkon<\/a><time datetime=\"2021-04-30T13:37:00+02:00\" class=\"wp-block-latest-posts__post-date\">30. April 2021<\/time><div class=\"wp-block-latest-posts__post-excerpt\">Heute Morgen weckte mich kein Vogelgezwitscher. Als ich hinausschaute, blickte ich in einen grau-geschlossenen Himmel.Offensichtlich m\u00f6gen V\u00f6gel Regen auch nicht so sehr, dachte ich verst\u00e4ndnisvoll. Aber, was war das? Vor dem nassen dunklen Stamm des Ahorns entdeckte ich einen gr\u00fcnlichen Schimmer, der sich sanft bewegte. Gestern war das noch nicht zu sehen- ein Blatt? Endlich!Sehnsuchtsvoll\u2026\u00a0<a class=\"wp-block-latest-posts__read-more\" href=\"https:\/\/www.chraecker.de\/kocks\/2021\/04\/30\/ahorn-auf-dem-balkon\/\" rel=\"noopener noreferrer\"><span class=\"screen-reader-text\">Ahorn auf dem Balkon <\/span>weiterlesen<\/a><\/div><\/li>\n<li><a class=\"wp-block-latest-posts__post-title\" href=\"https:\/\/www.chraecker.de\/kocks\/2020\/03\/01\/mein-corona-kann-krise-auch-eine-chance-bedeuten\/\">Mein Corona \u2013 Kann Krise auch eine Chance bedeuten ?<\/a><time datetime=\"2020-03-01T13:41:43+01:00\" class=\"wp-block-latest-posts__post-date\">1. M\u00e4rz 2020<\/time><div class=\"wp-block-latest-posts__post-excerpt\">Die Quarant\u00e4ne habe ich schon 3 Monate l\u00e4nger ge\u00fcbt, denn eine heftige Verletzung meines rechten Sprunggelenkes nagelte mich in meiner Wohnung im 3. Stock fest. F\u00fcr mich als bewegungsfreudigen Menschen ein Schock.Und nun befinde ich mich zudem auch noch in der Hochrisikogruppe.Mit einigem Erstaunen stelle ich fest, dass da drau\u00dfen sich etwas \u201enoch nie Dagewesenes\u201c,\u2026\u00a0<a class=\"wp-block-latest-posts__read-more\" href=\"https:\/\/www.chraecker.de\/kocks\/2020\/03\/01\/mein-corona-kann-krise-auch-eine-chance-bedeuten\/\" rel=\"noopener noreferrer\"><span class=\"screen-reader-text\">Mein Corona \u2013 Kann Krise auch eine Chance bedeuten ? <\/span>weiterlesen<\/a><\/div><\/li>\n<\/ul>","protected":false},"excerpt":{"rendered":"<p>\u00dcber die Titel kommen Sie zu den Texten&#8230;<\/p>\n","protected":false},"author":1,"featured_media":0,"parent":0,"menu_order":0,"comment_status":"closed","ping_status":"closed","template":"","meta":{"footnotes":""},"class_list":["post-114","page","type-page","status-publish","hentry","entry"],"_links":{"self":[{"href":"https:\/\/www.chraecker.de\/kocks\/wp-json\/wp\/v2\/pages\/114","targetHints":{"allow":["GET"]}}],"collection":[{"href":"https:\/\/www.chraecker.de\/kocks\/wp-json\/wp\/v2\/pages"}],"about":[{"href":"https:\/\/www.chraecker.de\/kocks\/wp-json\/wp\/v2\/types\/page"}],"author":[{"embeddable":true,"href":"https:\/\/www.chraecker.de\/kocks\/wp-json\/wp\/v2\/users\/1"}],"replies":[{"embeddable":true,"href":"https:\/\/www.chraecker.de\/kocks\/wp-json\/wp\/v2\/comments?post=114"}],"version-history":[{"count":5,"href":"https:\/\/www.chraecker.de\/kocks\/wp-json\/wp\/v2\/pages\/114\/revisions"}],"predecessor-version":[{"id":131,"href":"https:\/\/www.chraecker.de\/kocks\/wp-json\/wp\/v2\/pages\/114\/revisions\/131"}],"wp:attachment":[{"href":"https:\/\/www.chraecker.de\/kocks\/wp-json\/wp\/v2\/media?parent=114"}],"curies":[{"name":"wp","href":"https:\/\/api.w.org\/{rel}","templated":true}]}}